{"id":57,"date":"2022-07-18T19:35:41","date_gmt":"2022-07-18T17:35:41","guid":{"rendered":"https:\/\/www.daosgroup.it\/?page_id=57"},"modified":"2022-11-14T15:41:44","modified_gmt":"2022-11-14T14:41:44","slug":"cookie-policy","status":"publish","type":"page","link":"https:\/\/www.daosgroup.it\/it\/cookie-policy\/","title":{"rendered":"Cookie Policy"},"content":{"rendered":"\n\t<section class=\"section page_section_hero\" id=\"section_1429299095\">\n\t\t<div class=\"bg section-bg fill bg-fill  bg-loaded\" >\n\n\t\t\t\n\t\t\t\n\t\t\t\n\n\t\t<\/div>\n\n\t\t\n\n\t\t<div class=\"section-content relative\">\n\t\t\t\n\n<div class=\"row page_header\"  id=\"row-509349377\">\n\n\n\t<div id=\"col-1038668249\" class=\"col small-12 large-12\"  >\n\t\t\t\t<div class=\"col-inner text-center\"  >\n\t\t\t\n\t\t\t\n\n\t<div id=\"text-2521070076\" class=\"text\">\n\t\t\n\n<h2>Cookies Policy<\/h2>\n\t\t\n<style>\n#text-2521070076 {\n  text-align: center;\n}\n<\/style>\n\t<\/div>\n\t\n\t<div id=\"text-1684774554\" class=\"text desc_header\">\n\t\t\n\n<p>Informativa estesa sull&#8217;utilizzo dei cookies<\/p>\n\t\t\n<style>\n#text-1684774554 {\n  text-align: center;\n}\n<\/style>\n\t<\/div>\n\t\n\n\t\t<\/div>\n\t\t\t\t\n<style>\n#col-1038668249 > .col-inner {\n  padding: 0px 20% 0px 20%;\n}\n<\/style>\n\t<\/div>\n\n\t\n\n<\/div>\n\n\t\t<\/div>\n\n\t\t\n<style>\n#section_1429299095 {\n  padding-top: 76px;\n  padding-bottom: 76px;\n}\n#section_1429299095 .ux-shape-divider--top svg {\n  height: 150px;\n  --divider-top-width: 100%;\n}\n#section_1429299095 .ux-shape-divider--bottom svg {\n  height: 150px;\n  --divider-width: 100%;\n}\n<\/style>\n\t<\/section>\n\t\n\t<section class=\"section\" id=\"section_849905303\">\n\t\t<div class=\"bg section-bg fill bg-fill  bg-loaded\" >\n\n\t\t\t\n\t\t\t\n\t\t\t\n\n\t\t<\/div>\n\n\t\t\n\n\t\t<div class=\"section-content relative\">\n\t\t\t\n\n<div class=\"row\"  id=\"row-340919822\">\n\n\n\t<div id=\"col-281313357\" class=\"col small-12 large-12\"  >\n\t\t\t\t<div class=\"col-inner\"  >\n\t\t\t\n\t\t\t\n\n<h4>Cosa sono i cookie<\/h4>\n<p>Un \u201ccookie\u201d \u00e8 un piccolo file di testo creato sul computer dell\u2019utente al momento in cui questo accede ad un determinato sito, con lo scopo di immagazzinare e trasportare informazioni. I cookie sono inviati da un server web (che \u00e8 il computer sul quale \u00e8 in esecuzione il sito web visitato) al browser dell\u2019utente (Internet Explorer, Mozilla Firefox, Google Chrome, ecc.) e memorizzati sul computer di quest\u2019ultimo; vengono, quindi, re-inviati al sito web al momento delle visite successive. Nel corso della navigazione l\u2019utente potrebbe ricevere sul suo terminale anche cookie di siti diversi (c.d. cookies di \u201cterze parti\u201d), impostati direttamente da gestori di detti siti web e utilizzati per le finalit\u00e0 e secondo le modalit\u00e0 da questi definiti. Questo Sito fa uso di cookie al fine di rendere i propri servizi il pi\u00f9 possibile efficienti e semplici da utilizzare. Visitando questo Sito, viene inserita una quantit\u00e0 minima di informazioni nel dispositivo dell\u2019Utente.<\/p>\n<p>\u00a0<\/p>\n<h4>Cookie utilizzati in questo sito<\/h4>\n<p>Cookie tecnici<br \/>Cookie tecnici di navigazione o di sessione utilizzati per garantire la normale navigazione e fruizione del sito web, per poter acquistare e autenticarsi per accedere alle aree riservate del sito oltre che per monitorarne il corretto funzionamento. Cookie di funzionalit\u00e0, per consentire all\u2019utente la navigazione in funzione di una serie di criteri selezionati (ad esempio, la lingua, i prodotti selezionati per l\u2019acquisto) al fine di migliorare il servizio reso allo stesso. Per l\u2019installazione di tali cookie non \u00e8 richiesto il preventivo consenso degli utenti, mentre resta fermo l\u2019obbligo di dare l\u2019informativa ai sensi dell\u2019art. 13 del Codice, che il gestore del sito, qualora utilizzi soltanto tali dispositivi, potr\u00e0 fornire con le modalit\u00e0 che ritiene pi\u00f9 idonee.<\/p>\n<p>Cookie tecnici di terze parti<br \/>I cookie di questo tipo vengono utilizzati per raccogliere informazioni sull\u2019utilizzo del sito Web da parte dei visitatori, le parole chiave usate per raggiungere il sito, i siti Web visitati e le origini del traffico da cui provengono i visitatori per le campagne di marketing. Il titolare pu\u00f2 utilizzare tali informazioni per compilare rapporti e migliorare il Sito. I cookie raccolgono informazioni in forma anonima. I cookie di questo tipo vengono inviati dal Sito stesso o da domini di terze parti.<\/p>\n<p>\u00a0<\/p>\n<h4>Servizi utilizzati<\/h4>\n<p>Google Analytics. Si tratta di un servizio di analisi web fornito da Google Inc. (\u201cGoogle\u201d) che utilizza dei cookie che vengono depositati sul computer dell\u2019utente per consentire analisi statistiche in forma aggregata in ordine all\u2019utilizzo del sito web visitato. I Dati generati da Google Analytics sono conservati da Google cos\u00ec come indicato nella Informativa reperibile al seguente LINK<br \/>Per consultare l\u2019informativa privacy della societ\u00e0 Google Inc., titolare autonomo del trattamento dei dati relativi al servizio Google Analytics, si rinvia al sito internet Si precisa che si \u00e8 attivata la funzione di anonimizzazione IP fornita da Google. Al seguente LINK vi \u00e8 il componente aggiuntivo del browser per la disattivazione di Google Analytics.<br \/>Cookie per l\u2019integrazione di funzionalit\u00e0 di terze parti<br \/>I cookie di questo tipo vengono utilizzati per integrare funzionalit\u00e0 di terze parti nel Sito (ad esempio, inserimento di video, inserimento di mappe o icone di social network che consentono ai visitatori di condividere il contenuto del sito). I cookie di questa categoria possono essere inviati dai domini dei siti partner o che comunque offrono le funzionalit\u00e0 presenti nel sito. Per i cookie di terze parti il consenso pu\u00f2 essere espresso dall\u2019Utente, conformemente alla normativa vigente, mediante specifiche configurazioni del browser e di programmi informatici o di dispositivi per impedire l\u2019installazione dei cookie di terzi parti. L\u2019utente pu\u00f2 prendere visione dell\u2019informative delle terze parti ai link di seguito riportati. Il Titolare ricorda all\u2019Utente che \u00e8 possibile modificare le preferenze relative ai cookie in qualsiasi momento. \u00c8 anche possibile disabilitare in qualsiasi momento i cookie dal browser. Si ricorda che questa operazione potrebbe impedire all\u2019Utente di utilizzare alcune parti del Sito.<\/p>\n<p>\u00a0<\/p>\n<h4>Servizi utilizzati<\/h4>\n<p>Google Maps \u2013 mappe: http:\/\/www.google.it\/intl\/it\/policies\/privacy\/<br \/>Siti Web di terze parti<br \/>In questo sito sono presenti collegamenti ad altri siti Web. Questi siti dispongono di una propria informativa sulla privacy che potrebbe essere diversa da quella adottata dal Titolare di questo sito. Il titolare non risponde per Siti di terze parti.<\/p>\n<p>\u00a0<\/p>\n<h4>Istruzioni per la gestione dei cookie nel browser<\/h4>\n<p>In molti browser \u00e8 possibile impostare le regole per gestire i cookie sito per sito, opzione che offre un controllo pi\u00f9 mirato della propria privacy. E\u2019 possibile disabilitare i cookie di tutti i siti, ad eccezione di ritenuti affidabili.<\/p>\n<p>\u00a0<\/p>\n<h4>Come disabilitare i cookie<\/h4>\n<p>Tutti i browser, nel menu Strumenti contengono l\u2019opzione Cancella dati di navigazione. Utilizzare questa opzione per eliminare i cookie e altri dati di siti e plug-in, inclusi i dati memorizzati nel proprio dispositivo da Adobe Flash Player (comunemente noti come cookie Flash).<\/p>\n<p>\u00a0<\/p>\n<h4>Chrome<\/h4>\n<p>Eseguire il Browser Chrome<br \/>Fare click sul men\u00f9 presente nella barra degli strumenti del browser a fianco della finestra di inserimento url per la navigazione<br \/>Selezionare Impostazioni<br \/>Fare clic su Mostra Impostazioni Avanzate<br \/>Nella sezione \u201cPrivacy\u201d fare clic su bottone \u201cImpostazioni contenuti\u201d<br \/>Nella sezione \u201cCookie\u201d \u00e8 possibile modificare le seguenti impostazioni relative ai cookie:<br \/>Consentire il salvataggio dei dati in locale<br \/>Modificare i dati locali solo fino alla chiusura del browser<br \/>Impedire ai siti di impostare i cookie<br \/>Bloccare i cookie di terze parti e i dati dei siti<br \/>Gestire le eccezioni per alcuni siti internet<br \/>Eliminazione di uno o tutti i cookie<br \/>Per maggiori informazioni visita la pagina dedicata: Chrome<\/p>\n<p>\u00a0<\/p>\n<h4>Mozzilla Firefox<\/h4>\n<p>Eseguire il Browser Mozilla Firefox<br \/>Fare click sul men\u00f9 presente nella barra degli strumenti del browser a fianco della finestra di inserimento url per la navigazione<br \/>Selezionare Opzioni<br \/>Seleziona il pannello Privacy<br \/>Fare clic su Mostra Impostazioni Avanzate<br \/>Nella sezione \u201cPrivacy\u201d fare clic su bottone \u201cImpostazioni contenuti\u201d<br \/>Nella sezione \u201cTracciamento\u201d \u00e8 possibile modificare le seguenti impostazioni relative ai cookie:<br \/>Richiedi ai siti di non effettuare alcun tracciamento<br \/>Comunica ai siti la disponibilit\u00e0 ad essere tracciato<br \/>Non comunicare alcuna preferenza relativa al tracciamento dei dati personali<br \/>Dalla sezione \u201cCronologia\u201d \u00e8 possibile:<br \/>Abilitando \u201cUtilizza impostazioni personalizzate\u201d selezionare di accettare i cookie di terze parti (sempre, dai siti pi\u00f9 visitato o mai) e di conservarli per un periodo determinato (fino alla loro scadenza, alla chiusura di Firefox o di chiedere ogni volta)<br \/>Rimuovere i singoli cookie immagazzinati<br \/>Per maggiori informazioni visita la pagina dedicata: Firefox<\/p>\n<p>\u00a0<\/p>\n<h4>Internet Explorer<\/h4>\n<p>Eseguire il Browser Internet Explorer<br \/>Fare click sul pulsante Strumenti e scegliere Opzioni Internet<br \/>Fare click sulla scheda Privacy e nella sezione Impostazioni modificare il dispositivo di scorrimento in funzione dell\u2019azione desiderata per i cookie:<br \/>Bloccare tutti i cookie<br \/>Consentire tutti i cookie<br \/>Selezione dei siti da cui ottenere cookie: spostare il cursore in una posizione intermedia in modo da non bloccare o consentire tutti i cookie, premere quindi su Siti, nella casella Indirizzo Sito Web inserire un sito internet e quindi premere su Blocca o Consenti<br \/>Per maggiori informazioni visita la pagina dedicata: Internet Explorer<\/p>\n<p>\u00a0<\/p>\n<h4>Safari 6<\/h4>\n<p>Eseguire il Browser Safari<br \/>Fare click su Safari, selezionare Preferenze e premere su Privacy<br \/>Nella sezione Blocca Cookie specificare come Safari deve accettare i cookie dai siti internet.<br \/>Per visionare quali siti hanno immagazzinato i cookie cliccare su Dettagli<br \/>Per maggiori informazioni visita la pagina dedicata: Safari<\/p>\n<p>\u00a0<\/p>\n<h4>Safari iOS (dispositivi mobile)<\/h4>\n<p>Eseguire il Browser Safari iOS<br \/>Tocca su Impostazioni e poi Safari<br \/>Tocca su Blocca Cookie e scegli tra le varie opzioni: \u201cMai\u201d, \u201cDi terze parti e inserzionisti\u201d o \u201cSempre\u201d<br \/>Per cancellare tutti i cookie immagazzinati da Safari, tocca su Impostazioni, poi su Safari e infine suCancella Cookie e dati<br \/>Per maggiori informazioni visita la pagina dedicata: iOS<\/p>\n<p>Un\u2019altra funzione presente nei browser pi\u00f9 recenti (e.g. Internet Explorer, Chrome, Firefox, Safari) \u00e8 la modalit\u00e0 di navigazione in incognito. Si pu\u00f2 navigare in modalit\u00e0 in incognito quando per evitare che le visite ai siti web o i download vengano registrati nelle cronologie di navigazione e dei download. Con la modalit\u00e0 di navigazione in incognito Tutti i cookie creati vengono eliminati dopo la chiusura di tutte le finestre di navigazione in incognito.<\/p>\n<p>\u00a0<\/p>\n<h4>Dove posso trovare maggiori informazioni sui cookies e cookies di terze parti<\/h4>\n<p>Garante Privacy: <a href=\"http:\/\/www.garanteprivacy.it\/web\/guest\/home\/docweb\/-\/docweb-display\/docweb\/2145979\">http:\/\/www.garanteprivacy.it\/web\/guest\/home\/docweb\/-\/docweb-display\/docweb\/2145979<\/a><br \/>All About Cookies (Organizzazione indipendente): <a href=\"http:\/\/www.allaboutcookies.org\/\">http:\/\/www.allaboutcookies.org\/<\/a><br \/>Your Online Choices:<a href=\"http:\/\/youronlinechoices.eu\/\"> http:\/\/youronlinechoices.eu\/<\/a><br \/>Google: <a href=\"http:\/\/www.google.com\/policies\/privacy\/\">http:\/\/www.google.com\/policies\/privacy\/<\/a><br \/>Questa pagina \u00e8 visibile, mediante link in calce in tutte le pagine del Sito ai sensi dell\u2019art. 122 secondo comma del D.lgs. 196\/2003 e a seguito delle modalit\u00e0 semplificate per l\u2019informativa e l\u2019acquisizione del consenso per l\u2019uso dei cookie pubblicata sulla Gazzetta Ufficiale n.126 del 3 giugno 2014 e relativo registro dei provvedimenti n.229 dell\u20198 maggio 2014.<\/p>\n\n\t\t<\/div>\n\t\t\t\t\t<\/div>\n\n\t\n\n<\/div>\n\n\t\t<\/div>\n\n\t\t\n<style>\n#section_849905303 {\n  padding-top: 30px;\n  padding-bottom: 30px;\n  background-color: rgb(255,255,255);\n}\n#section_849905303 .ux-shape-divider--top svg {\n  height: 150px;\n  --divider-top-width: 100%;\n}\n#section_849905303 .ux-shape-divider--bottom svg {\n  height: 150px;\n  --divider-width: 100%;\n}\n<\/style>\n\t<\/section>\n\t\n\n","protected":false},"excerpt":{"rendered":"","protected":false},"author":1,"featured_media":0,"parent":0,"menu_order":0,"comment_status":"closed","ping_status":"closed","template":"page-blank.php","meta":{"inline_featured_image":false,"wp_mapbox_gl_js_media":[],"footnotes":""},"class_list":["post-57","page","type-page","status-publish","hentry"],"acf":[],"_links":{"self":[{"href":"https:\/\/www.daosgroup.it\/it\/wp-json\/wp\/v2\/pages\/57","targetHints":{"allow":["GET"]}}],"collection":[{"href":"https:\/\/www.daosgroup.it\/it\/wp-json\/wp\/v2\/pages"}],"about":[{"href":"https:\/\/www.daosgroup.it\/it\/wp-json\/wp\/v2\/types\/page"}],"author":[{"embeddable":true,"href":"https:\/\/www.daosgroup.it\/it\/wp-json\/wp\/v2\/users\/1"}],"replies":[{"embeddable":true,"href":"https:\/\/www.daosgroup.it\/it\/wp-json\/wp\/v2\/comments?post=57"}],"version-history":[{"count":10,"href":"https:\/\/www.daosgroup.it\/it\/wp-json\/wp\/v2\/pages\/57\/revisions"}],"predecessor-version":[{"id":2685,"href":"https:\/\/www.daosgroup.it\/it\/wp-json\/wp\/v2\/pages\/57\/revisions\/2685"}],"wp:attachment":[{"href":"https:\/\/www.daosgroup.it\/it\/wp-json\/wp\/v2\/media?parent=57"}],"curies":[{"name":"wp","href":"https:\/\/api.w.org\/{rel}","templated":true}]}}