{"id":3,"date":"2022-07-12T19:20:20","date_gmt":"2022-07-12T17:20:20","guid":{"rendered":"https:\/\/www.daosgroup.it\/?page_id=3"},"modified":"2022-11-16T14:51:28","modified_gmt":"2022-11-16T13:51:28","slug":"privacy-policy","status":"publish","type":"page","link":"https:\/\/www.daosgroup.it\/it\/privacy-policy\/","title":{"rendered":"Privacy Policy"},"content":{"rendered":"\n\t<section class=\"section page_section_hero\" id=\"section_227540525\">\n\t\t<div class=\"bg section-bg fill bg-fill  bg-loaded\" >\n\n\t\t\t\n\t\t\t\n\t\t\t\n\n\t\t<\/div>\n\n\t\t\n\n\t\t<div class=\"section-content relative\">\n\t\t\t\n\n<div class=\"row page_header\"  id=\"row-1731742473\">\n\n\n\t<div id=\"col-360535264\" class=\"col small-12 large-12\"  >\n\t\t\t\t<div class=\"col-inner text-center\"  >\n\t\t\t\n\t\t\t\n\n\t<div id=\"text-2052106251\" class=\"text\">\n\t\t\n\n<h2>Privacy Policy<\/h2>\n\t\t\n<style>\n#text-2052106251 {\n  text-align: center;\n}\n<\/style>\n\t<\/div>\n\t\n\t<div id=\"text-4205283437\" class=\"text desc_header\">\n\t\t\n\n<p>I tuoi dati personali sono protetti<\/p>\n\t\t\n<style>\n#text-4205283437 {\n  text-align: center;\n}\n<\/style>\n\t<\/div>\n\t\n\n\t\t<\/div>\n\t\t\t\t\n<style>\n#col-360535264 > .col-inner {\n  padding: 0px 20% 0px 20%;\n}\n<\/style>\n\t<\/div>\n\n\t\n\n<\/div>\n\n\t\t<\/div>\n\n\t\t\n<style>\n#section_227540525 {\n  padding-top: 76px;\n  padding-bottom: 76px;\n}\n#section_227540525 .ux-shape-divider--top svg {\n  height: 150px;\n  --divider-top-width: 100%;\n}\n#section_227540525 .ux-shape-divider--bottom svg {\n  height: 150px;\n  --divider-width: 100%;\n}\n<\/style>\n\t<\/section>\n\t\n\t<section class=\"section\" id=\"section_507497477\">\n\t\t<div class=\"bg section-bg fill bg-fill  bg-loaded\" >\n\n\t\t\t\n\t\t\t\n\t\t\t\n\n\t\t<\/div>\n\n\t\t\n\n\t\t<div class=\"section-content relative\">\n\t\t\t\n\n<div class=\"row\"  id=\"row-1672538800\">\n\n\n\t<div id=\"col-1673936647\" class=\"col small-12 large-12\"  >\n\t\t\t\t<div class=\"col-inner\"  >\n\t\t\t\n\t\t\t\n\n<h3>Informativa privacy per gli utenti ai sensi del regolamento generale sulla protezione dei dati personali (GDPR) regolamento UE n.679\/2016<\/h3>\n<p><\/p>\n<p><\/p>\n<p>La presente informativa \u00e8 stata elaborata ai sensi dell\u2019art. 13 del Regolamento UE n.679\/2016 allo scopo di informarLa circa le modalit\u00e0 di trattamento dei suoi dati.<br \/>Secondo il GDPR indicato, tale trattamento sar\u00e0 improntato ai principi di correttezza, liceit\u00e0 e trasparenza e di tutela della Sua riservatezza e dei Suoi diritti.<br \/>Ai sensi degli artt.13 e 14 del GDPR, pertanto, Le forniamo le seguenti informazioni:<br \/>i dati da Lei forniti verranno trattati con modalit\u00e0 manuale e informatizzata, anche con l&#8217;ausilio di strumenti elettronici atti a memorizzare, gestire e trasmettere agli enti competenti per legge, quando e se richiesti, i dati stessi. I dati verranno trattati:<br \/>1. per le finalit\u00e0 connesse all&#8217;attivit\u00e0 delle societ\u00e0 facenti parte del Gruppo DAOS;<br \/>2. per dare esecuzione al servizio che viene richiesto;<br \/>3. per adempiere ad obblighi di legge;<br \/>4. per trasmettere i dati raccolti agli organi competenti per adempiere gli obblighi di legge ed ai consulenti incaricati degli adempimenti fiscali e contabili.<br \/>5. comunicazioni promozionali e marketing<br \/>I dati personali verranno trattati per tutta la durata del rapporto contrattuale instaurato ed anche successivamente per far valere o tutelare i propri diritti ovvero per finalit\u00e0 amministrative e\/o per dare esecuzione ad obblighi derivanti dal quadro regolamentare e normativo pro tempore applicabile e nel rispetto degli specifici obblighi di legge sulla conservazione dei dati.<br \/>Il trattamento dei dati avverr\u00e0 con logiche strettamente correlate alle finalit\u00e0 indicate e con modalit\u00e0 che garantiscano la sicurezza e la riservatezza dei dati medesimi, attraverso l&#8217;adozione di misure idonee ad impedire l&#8217;alterazione, la cancellazione, la distruzione, l&#8217;accesso non autorizzato o il trattamento non consentito o non conforme alle finalit\u00e0 della raccolta.<br \/>L&#8217;accesso ai dati \u00e8 consentito solo al personale autorizzato dal Titolare del Trattamento mediante l&#8217;utilizzo di credenziali di autenticazione. I dati in questione non saranno comunicati ad altri soggetti. I dati saranno conservati presso la sede per i tempi prescritti dagli obblighi di legge, ed anche oltre per nostri fini gestionali.<br \/>I titolari del trattamento dei dati sono:<br \/><strong>DAOS srl<\/strong>: con sede legale in Via Fiuggi, 12\/7 \u2013 20159 Milano (MI) e pu\u00f2 essere raggiunta tramite i seguenti contatti:<br \/>email: daos@pec.it , telefono 02.6697057<br \/><strong>FUSEL srl<\/strong>: con sede legale in Via Cristina Belgioioso, 70\/22 \u2013 20157 Milano (MI) e pu\u00f2 essere raggiunta tramite i seguenti contatti:<br \/>email: fusel@daosgroup.it \u2013 fuselsrl@pec.leonet.it, telefono 02.3820 0911<\/p>\n<p>DIRITTI DELL&#8217;INTERESSATO: Ai sensi dell\u2019art. 7 del Codice della Privacy e dell&#8217;art. 13 GDPR ciascun utente ha diritto di ottenere la conferma dell\u2019esistenza o meno dei suoi dati personali, anche se non ancora registrati, e la loro comunicazione in forma intellegibile.<\/p>\n<p>In particolare, l\u2019interessato ha diritto di ottenere l\u2019indicazione:<br \/>1. dell\u2019origine dei dati personali;<br \/>2. della finalit\u00e0 e delle modalit\u00e0 di trattamento;<br \/>3. della logica applicata in caso di trattamento effettuato con l\u2019ausilio di strumenti elettronici\/informatici;<br \/>4. gli estremi identificativi del titolare, dei responsabili e del rappresentante designato;<br \/>5. dei soggetti e delle categorie di soggetti ai quali i dati possono essere comunicati o che possono venirne a conoscenza in qualit\u00e0 di rappresentante designato nel territorio dello Stato, di responsabili o incaricati.<\/p>\n<p>Inoltre l\u2019interessato ha diritto di ottenere:<\/p>\n<p>1. l\u2019aggiornamento, la rettificazione ovvero l\u2019integrazione dei propri dati;<br \/>2. la cancellazione, la trasformazione in forma anonima o il blocco dei dati trattati in violazione di legge;<br \/>3. l&#8217;accesso ai propri dati e cio\u00e8 la conferma che sia o meno in corso un trattamento di dati personali che lo riguardano;<br \/>4. la limitazione del trattamento,<br \/>5. la portabilit\u00e0 del dato, cio\u00e8 il diritto di ricevere in formato strutturato i dati personali che lo riguardano;<br \/>6. diritto di reclamo all&#8217;Autorit\u00e0 di controllo.<\/p>\n<p>Infine l\u2019interessato ha il diritto di opporsi, in tutto o in parte, per motivi legittimi al trattamento dei dati personali che lo riguardano, ancorch\u00e9 pertinenti allo scopo della raccolta. In particolare l&#8217;interessato ha il diritto di opporsi al trattamento di dati personali che lo riguardano ai fini di invio di materiale pubblicitario commerciale o di vendita diretta o per il compimento di ricerche di mercato o di comunicazione commerciale.<br \/>Le richieste di cui ai punti precedenti dovranno essere inviate via mail all\u2019indirizzo daos@pec.it<\/p>\n<p>Si riserva il diritto di modificare, integrare o aggiornare periodicamente la presente Informativa in ossequio alla normativa applicabile o ai provvedimenti adottati dal Garante per la Protezione dei dati personali.<\/p>\n<p>Le suddette modifiche o integrazioni saranno portate a conoscenza degli interessati mediante link alla pagina di Privacy Policy presente nel sito web e saranno comunicate direttamente agli interessati a mezzo mail.<br \/>Invitiamo gli utenti a prendere visione della Privacy Policy con regolarit\u00e0, per verificare l\u2019Informativa aggiornata e decidere se continuare o meno ad usufruire dei servizi offerti.<\/p>\n\n\t\t<\/div>\n\t\t\t\t\t<\/div>\n\n\t\n\n<\/div>\n\n\t\t<\/div>\n\n\t\t\n<style>\n#section_507497477 {\n  padding-top: 30px;\n  padding-bottom: 30px;\n  background-color: #ffffff;\n}\n#section_507497477 .ux-shape-divider--top svg {\n  height: 150px;\n  --divider-top-width: 100%;\n}\n#section_507497477 .ux-shape-divider--bottom svg {\n  height: 150px;\n  --divider-width: 100%;\n}\n<\/style>\n\t<\/section>\n\t\n\n","protected":false},"excerpt":{"rendered":"","protected":false},"author":1,"featured_media":0,"parent":0,"menu_order":0,"comment_status":"closed","ping_status":"closed","template":"page-blank.php","meta":{"inline_featured_image":false,"wp_mapbox_gl_js_media":[],"footnotes":""},"class_list":["post-3","page","type-page","status-publish","hentry"],"acf":[],"_links":{"self":[{"href":"https:\/\/www.daosgroup.it\/it\/wp-json\/wp\/v2\/pages\/3","targetHints":{"allow":["GET"]}}],"collection":[{"href":"https:\/\/www.daosgroup.it\/it\/wp-json\/wp\/v2\/pages"}],"about":[{"href":"https:\/\/www.daosgroup.it\/it\/wp-json\/wp\/v2\/types\/page"}],"author":[{"embeddable":true,"href":"https:\/\/www.daosgroup.it\/it\/wp-json\/wp\/v2\/users\/1"}],"replies":[{"embeddable":true,"href":"https:\/\/www.daosgroup.it\/it\/wp-json\/wp\/v2\/comments?post=3"}],"version-history":[{"count":10,"href":"https:\/\/www.daosgroup.it\/it\/wp-json\/wp\/v2\/pages\/3\/revisions"}],"predecessor-version":[{"id":2792,"href":"https:\/\/www.daosgroup.it\/it\/wp-json\/wp\/v2\/pages\/3\/revisions\/2792"}],"wp:attachment":[{"href":"https:\/\/www.daosgroup.it\/it\/wp-json\/wp\/v2\/media?parent=3"}],"curies":[{"name":"wp","href":"https:\/\/api.w.org\/{rel}","templated":true}]}}